{"id":619,"date":"2019-01-30T16:55:22","date_gmt":"2019-01-30T16:55:22","guid":{"rendered":"https:\/\/devisen-handeln.org\/forex-news\/?page_id=619"},"modified":"2019-02-08T13:51:15","modified_gmt":"2019-02-08T13:51:15","slug":"affiliates","status":"publish","type":"page","link":"https:\/\/devisen-handeln.org\/forex-news\/affiliates","title":{"rendered":"Affiliates"},"content":{"rendered":"\n<p>Herzlich willkommen auf der Affiliate-Seite von devisen-handeln.org! Wenn Dir meine Produkte gefallen, dann w\u00fcrde ich mich freuen, wenn Du mir beim Verkaufen hilfst. Daf\u00fcr bekommst Du 50% des Erl\u00f6ses f\u00fcr jeden Verkauf! Derzeit ist der <strong>Seasonal MT5-Indikator<\/strong> das erste und einzige Produkt, was Du verkaufen kannst. Im Laufe der Zeit wirst Du aber mehr und mehr Produkte verkaufen k\u00f6nnen und dir so ein eigenes Einkommen im Trading-Business aufbauen.<\/p>\n\n\n\n<h2 class=\"wp-block-heading\">Der Promo-Link<\/h2>\n\n\n\n<p>Mit diesem Promo-Link kannst Du den Indikator bewerben und bekommst 50% Provision pro Verkauf daf\u00fcr. Denke daran, das Wort Affiliate mit deiner pers\u00f6nlichen Digistore-ID auszutauschen:<\/p>\n\n\n\n<pre class=\"wp-block-code\"><code>https:\/\/www.digistore24.com\/redir\/221845\/AFFILIATE\/CAMPAIGNKEY<\/code><\/pre>\n\n\n\n<h2 class=\"wp-block-heading\">Seasonal MT5<\/h2>\n\n\n\n<p>Wenn Du Dich bereits im Trading auskennst, dann d\u00fcrfte Dir die Funktion des <a href=\"https:\/\/devisen-handeln.org\/seasonal-mt5.html\">Seasonal MT5<\/a> vertraut sein. Dieser Indikator ist f\u00fcr die beliebteste und am weitesten verbreitete Handelsplattform, den <strong>Metatrader 5<\/strong> programmiert. Der Indikator kann in jeden beliebigen Chart gezogen werden und zeigt dort die saisonalen Muster und Zyklen an, die man in der Folge f\u00fcr einen profitablen Handelsansatz nutzen kann. Dabei gilt es, keine falschen Hoffnungen zu wecken und das saisonale Muster nur als einen Baustein von vielen zu betrachten, zum Beispiel zus\u00e4tzlich zu weiteren Signalen aus der Technischen, der Fundamentalen oder der Volumenanalyse. <\/p>\n\n\n\n<h2 class=\"wp-block-heading\">Weltweit verkaufbar!<\/h2>\n\n\n\n<p>Im Gegensatz zu vielen, wahrscheinlich allen anderen Digistore-Produkten ist der Seasonal MT5 <strong>weltweit<\/strong> verkaufbar! Denn der MT5 ist nicht nur in Deutschland eine beliebte Handelsplattform, sondern auf der ganzen Welt und er verbreitet sich gerade in den USA und Russland immer mehr. Mithilfe der kostenlosen Futures-Endloskontrakte bei AMP kann er sogar auf dem Futuresmarkt angewendet werden. Du hast also einen potenziellen Milliardenmarkt vor Dir. Der Vermarktung sind keine sprachlichen Grenzen gesetzt. Du kannst beispielsweise auch gerne Anzeigen auf Englisch, Russisch, Hindi, Spanisch oder Chinesisch schalten und so von g\u00fcnstigen Klickpreisen bei Google, Facebook, Yandex oder Yahoo profitieren. Ziehe zur Not einmalig einen professionellen \u00dcbersetzer zu Rate, um  sch\u00f6ne und korrekte Anzeigen zu erstellen, die ihre Wirkung nicht verfehlen und dir dieses Investment schnell wieder einspielen.<\/p>\n\n\n\n<h2 class=\"wp-block-heading\">So kannst Du den Seasonal MT5 verkaufen<\/h2>\n\n\n\n<p>Zun\u00e4chst einmal musst Du einen Account bei <a href=\"https:\/\/www.digistore24.com\/signup\/221845\/\" target=\"_blank\" rel=\"noreferrer noopener\" aria-label=\" (\u00f6ffnet in neuem Tab)\">Digistore24<\/a> haben und dort mindestens als Affiliate registriert sein. Das war&#8217;s auch schon! Du ersetzt einfach den Produkt-Link mit Deiner Digistore-ID und schon kann es losgehen.<\/p>\n\n\n\n<h2 class=\"wp-block-heading\">Marketing-Ideen<\/h2>\n\n\n\n<p>Am besten ist es nat\u00fcrlich, wenn Du einen eigenen Trading-Blog hast. Dort kannst Du die Banner nach belieben einbauen. Nat\u00fcrlich kannst Du Deinen Affiliate-Link aber auch in Trading-Foren oder auf deinem Facebook-Profil posten. Achte aber darauf, dass es zum Kontext passt, um nicht als Spammer zu wirken. Weitere M\u00f6glichkeiten der Bewerbung sind:<\/p>\n\n\n\n<ul class=\"wp-block-list\"><li>Anzeigen bei GoogleAdwords schalten<\/li><li>Anzeigen bei Facebook schalten<\/li><li>Anzeigen bei Yahoo, Bing und Yandex schalten<\/li><li>Ein YouTube-Video mit einem ehrlichen Review ver\u00f6ffentlichen und zum Beispiel zeigen, wie man damit tradet<\/li><li>uvm.<\/li><\/ul>\n\n\n\n<h2 class=\"wp-block-heading\">Banner<\/h2>\n\n\n\n<p>Folgende Banner kannst Du f\u00fcr die Vermarktung des Seasonal MT5 nutzen. Es sind auch welche f\u00fcr mobile Endger\u00e4te dabei, sodass damit auch Anzeigen auf Focus oder Spiegel online geschaltet werden k\u00f6nnen. Kopiere einfach den Code unter Deinem Lieblingsbanner heraus und f\u00fcge ihn in Deine Webseite ein oder nutze ihn f\u00fcr eine Facebook-Anzeige. Achte aber darauf, das Wort <em>AFFILIATE <\/em>  innerhalb des Links durch deine Digistore-ID zu ersetzen, damit der Verkauf Dir zugeordnet werden kann!<\/p>\n\n\n\n<h2 class=\"wp-block-heading\">160&#215;600<\/h2>\n\n\n\n<figure class=\"wp-block-image\"><img decoding=\"async\" src=\"https:\/\/devisen-handeln.org\/seasonalmt5-banner\/160x600\/1-160x600.png\" alt=\"\"\/><\/figure>\n\n\n\n<pre class=\"wp-block-code\"><code>&lt;a title=\"seasonal-mt5 kaufen\" href=\"https:\/\/www.digistore24.com\/redir\/221845\/AFFILIATE\/CAMPAIGNKEY\" target=\"_blank\">&lt;img src=\"https:\/\/devisen-handeln.org\/seasonalmt5-banner\/160x600\/1-160x600.png\" alt=\"seasonal-mt5\" \/>&lt;\/a><\/code><\/pre>\n\n\n\n<h2 class=\"wp-block-heading\">300&#215;250<\/h2>\n\n\n\n<figure class=\"wp-block-image\"><img decoding=\"async\" src=\"https:\/\/devisen-handeln.org\/seasonalmt5-banner\/300x250\/1-300x250.png\" alt=\"\"\/><\/figure>\n\n\n\n<pre class=\"wp-block-code\"><code>&lt;a title=\"seasonal-mt5 kaufen\" href=\"hhttps:\/\/www.digistore24.com\/redir\/221845\/AFFILIATE\/CAMPAIGNKEY\" target=\"_blank\">&lt;img src=\"https:\/\/devisen-handeln.org\/seasonalmt5-banner\/300x250\/1-300x250.png\" alt=\"seasonal-mt5\" \/>&lt;\/a><\/code><\/pre>\n\n\n\n<figure class=\"wp-block-image\"><img decoding=\"async\" src=\"https:\/\/devisen-handeln.org\/seasonalmt5-banner\/300x250\/2-300x250.png\" alt=\"\"\/><\/figure>\n\n\n\n<pre class=\"wp-block-code\"><code>&lt;a title=\"seasonal-mt5 kaufen\" href=\"https:\/\/www.digistore24.com\/redir\/221845\/AFFILIATE\/CAMPAIGNKEY\" target=\"_blank\">&lt;img src=\"https:\/\/devisen-handeln.org\/seasonalmt5-banner\/300x250\/2-300x250.png\" alt=\"seasonal-mt5\" \/>&lt;\/a><\/code><\/pre>\n\n\n\n<h2 class=\"wp-block-heading\">728&#215;90<\/h2>\n\n\n\n<figure class=\"wp-block-image\"><img decoding=\"async\" src=\"https:\/\/devisen-handeln.org\/seasonalmt5-banner\/728x90\/1-728x90.png\" alt=\"\"\/><\/figure>\n\n\n\n<pre class=\"wp-block-code\"><code>&lt;a title=\"seasonal-mt5 kaufen\" href=\"https:\/\/www.digistore24.com\/redir\/221845\/AFFILIATE\/CAMPAIGNKEY\" target=\"_blank\">&lt;img src=\"https:\/\/devisen-handeln.org\/seasonalmt5-banner\/728x90\/1-728x90.png\" alt=\"seasonal-mt5\" \/>&lt;\/a><\/code><\/pre>\n\n\n\n<figure class=\"wp-block-image\"><img decoding=\"async\" src=\"https:\/\/devisen-handeln.org\/seasonalmt5-banner\/728x90\/en-728x90.png\" alt=\"\"\/><\/figure>\n\n\n\n<pre class=\"wp-block-code\"><code>&lt;a title=\"seasonal-mt5 kaufen\" href=\"https:\/\/www.digistore24.com\/redir\/221845\/AFFILIATE\/CAMPAIGNKEY\" target=\"_blank\">&lt;img src=\"https:\/\/devisen-handeln.org\/seasonalmt5-banner\/728x90\/en-728x90.png\" alt=\"seasonal-mt5\" \/>&lt;\/a><\/code><\/pre>\n","protected":false},"excerpt":{"rendered":"<p>Herzlich willkommen auf der Affiliate-Seite von devisen-handeln.org! Wenn Dir meine Produkte gefallen, dann w\u00fcrde ich mich freuen, wenn Du mir beim Verkaufen hilfst. Daf\u00fcr bekommst Du 50% des Erl\u00f6ses f\u00fcr jeden Verkauf! Derzeit ist der Seasonal MT5-Indikator das erste und einzige Produkt, was Du verkaufen kannst. Im Laufe der Zeit wirst Du aber mehr und [&hellip;]<\/p>\n","protected":false},"author":2,"featured_media":0,"parent":0,"menu_order":0,"comment_status":"closed","ping_status":"closed","template":"","meta":{"footnotes":""},"class_list":["post-619","page","type-page","status-publish","hentry"],"aioseo_notices":[],"_links":{"self":[{"href":"https:\/\/devisen-handeln.org\/forex-news\/wp-json\/wp\/v2\/pages\/619","targetHints":{"allow":["GET"]}}],"collection":[{"href":"https:\/\/devisen-handeln.org\/forex-news\/wp-json\/wp\/v2\/pages"}],"about":[{"href":"https:\/\/devisen-handeln.org\/forex-news\/wp-json\/wp\/v2\/types\/page"}],"author":[{"embeddable":true,"href":"https:\/\/devisen-handeln.org\/forex-news\/wp-json\/wp\/v2\/users\/2"}],"replies":[{"embeddable":true,"href":"https:\/\/devisen-handeln.org\/forex-news\/wp-json\/wp\/v2\/comments?post=619"}],"version-history":[{"count":0,"href":"https:\/\/devisen-handeln.org\/forex-news\/wp-json\/wp\/v2\/pages\/619\/revisions"}],"wp:attachment":[{"href":"https:\/\/devisen-handeln.org\/forex-news\/wp-json\/wp\/v2\/media?parent=619"}],"curies":[{"name":"wp","href":"https:\/\/api.w.org\/{rel}","templated":true}]}}