{"id":468,"date":"2018-05-18T15:24:15","date_gmt":"2018-05-18T15:24:15","guid":{"rendered":"https:\/\/devisen-handeln.org\/forex-news\/?page_id=468"},"modified":"2018-05-22T11:56:14","modified_gmt":"2018-05-22T11:56:14","slug":"datenschutzerklaerung","status":"publish","type":"page","link":"https:\/\/devisen-handeln.org\/forex-news\/datenschutzerklaerung","title":{"rendered":"Datenschutzerkl\u00e4rung"},"content":{"rendered":"<h2>Verantwortlicher und Kontakt<\/h2>\n<p>Frank Eschmann<br \/>\nBlumenstra\u00dfe 75a<br \/>\n55743 Idar-Oberstein<br \/>\nTel. 06781\/6669003<br \/>\nMail: info [at] devisen-handeln.org<\/p>\n<h2>Datenschutz<\/h2>\n<p>Die Betreiber dieser Seiten nehmen den Schutz Ihrer pers\u00f6nlichen Daten sehr ernst. Wir behandeln Ihre personenbezogenen Daten vertraulich und entsprechend der gesetzlichen Datenschutzvorschriften sowie dieser Datenschutzerkl\u00e4rung. Die Nutzung unserer Webseite ist in der Regel ohne Angabe personenbezogener Daten m\u00f6glich. Soweit auf unseren Seiten personenbezogene Daten (beispielsweise Name, Anschrift oder E-Mail-Adressen) erhoben werden, erfolgt dies, soweit m\u00f6glich, stets auf freiwilliger Basis. Diese Daten werden ohne Ihre ausdr\u00fcckliche Zustimmung nicht an Dritte weitergegeben. Wir weisen darauf hin, dass die Daten\u00fcbertragung im Internet (z.B. bei der Kommunikation per E-Mail) Sicherheitsl\u00fccken aufweisen kann. Ein l\u00fcckenloser Schutz der Daten vor dem Zugriff durch Dritte ist nicht m\u00f6glich.<\/p>\n<h2>Cookies<\/h2>\n<p>Die Internetseiten verwenden teilweise so genannte Cookies. Cookies richten auf Ihrem Rechner keinen Schaden an und enthalten keine Viren. Cookies dienen dazu, unser Angebot nutzerfreundlicher, effektiver und sicherer zu machen. Cookies sind kleine Textdateien, die auf Ihrem Rechner abgelegt werden und die Ihr Browser speichert. Die meisten der von uns verwendeten Cookies sind so genannte \u201eSession-Cookies\u201c. Sie werden nach Ende Ihres Besuchs automatisch gel\u00f6scht. Andere Cookies bleiben auf Ihrem Endger\u00e4t gespeichert, bis Sie diese l\u00f6schen. Diese Cookies erm\u00f6glichen es uns, Ihren Browser beim n\u00e4chsten Besuch wiederzuerkennen. Sie k\u00f6nnen Ihren Browser so einstellen, dass Sie \u00fcber das Setzen von Cookies informiert werden und Cookies nur im Einzelfall erlauben, die Annahme von Cookies f\u00fcr bestimmte F\u00e4lle oder generell ausschlie\u00dfen sowie das automatische L\u00f6schen der Cookies beim Schlie\u00dfen des Browser aktivieren. Bei der Deaktivierung von Cookies kann die Funktionalit\u00e4t dieser Website eingeschr\u00e4nkt sein.<\/p>\n<h2>Server-Log-Files<\/h2>\n<p>Der Provider der Seiten erhebt und speichert automatisch Informationen in so genannten Server-Log Files, die Ihr Browser automatisch an uns \u00fcbermittelt. Dies sind:<\/p>\n<ul>\n<li>Browsertyp und Browserversion<\/li>\n<li>verwendetes Betriebssystem<\/li>\n<li>Referrer URL<\/li>\n<li>Hostname des zugreifenden Rechners<\/li>\n<li>Uhrzeit der Serveranfrage<\/li>\n<\/ul>\n<p>Diese Daten sind nicht bestimmten Personen zuordenbar. Eine Zusammenf\u00fchrung dieser Daten mit anderen Datenquellen wird nicht vorgenommen. Wir behalten uns vor, diese Daten nachtr\u00e4glich zu pr\u00fcfen, wenn uns konkrete Anhaltspunkte f\u00fcr eine rechtswidrige Nutzung bekannt werden.<\/p>\n<h2>Kontaktformular<\/h2>\n<p>Wenn Sie uns per Kontaktformular Anfragen zukommen lassen, werden Ihre Angaben aus dem Anfrageformular inklusive der von Ihnen dort angegebenen Kontaktdaten zwecks Bearbeitung der Anfrage und f\u00fcr den Fall von Anschlussfragen bei uns gespeichert. Diese Daten geben wir nicht ohne Ihre Einwilligung weiter.<\/p>\n<h2>Google Analytics<\/h2>\n<p>Diese Website nutzt Funktionen des Webanalysedienstes Google Analytics. Anbieter ist die Google Inc., 1600 Amphitheatre Parkway Mountain View, CA 94043, USA.<\/p>\n<p>Google Analytics verwendet so genannte \u201cCookies\u201d. Das sind Textdateien, die auf Ihrem Computer gespeichert werden und die eine Analyse der Benutzung der Website durch Sie erm\u00f6glichen. Die durch den Cookie erzeugten Informationen \u00fcber Ihre Benutzung dieser Website werden in der Regel an einen Server von Google in den USA \u00fcbertragen und dort gespeichert.<\/p>\n<p>Mehr Informationen zum Umgang mit Nutzerdaten bei Google Analytics finden Sie in der Datenschutzerkl\u00e4rung von Google: <a href=\"https:\/\/support.google.com\/analytics\/answer\/6004245?hl=de\">https:\/\/support.google.com\/analytics\/answer\/6004245?hl=de<\/a><\/p>\n<h3><strong>Browser Plugin<\/strong><\/h3>\n<p>Sie k\u00f6nnen die Speicherung der Cookies durch eine entsprechende Einstellung Ihrer Browser-Software verhindern; wir weisen Sie jedoch darauf hin, dass Sie in diesem Fall gegebenenfalls nicht s\u00e4mtliche Funktionen dieser Website vollumf\u00e4nglich werden nutzen k\u00f6nnen. Sie k\u00f6nnen dar\u00fcber hinaus die Erfassung der durch den Cookie erzeugten und auf Ihre Nutzung der Website bezogenen Daten (inkl. Ihrer IP-Adresse) an Google sowie die Verarbeitung dieser Daten durch Google verhindern, indem Sie das unter dem folgenden Link verf\u00fcgbare Browser-Plugin herunterladen und installieren: <a href=\"https:\/\/tools.google.com\/dlpage\/gaoptout?hl=de\">https:\/\/tools.google.com\/dlpage\/gaoptout?hl=de<\/a><\/p>\n<h3><strong>Widerspruch gegen Datenerfassung<\/strong><\/h3>\n<p>Sie k\u00f6nnen die Erfassung Ihrer Daten durch Google Analytics verhindern, indem Sie auf folgenden Link klicken. Es wird ein Opt-Out-Cookie gesetzt, der die Erfassung Ihrer Daten bei zuk\u00fcnftigen Besuchen dieser Website verhindert: <a id=\"gaoptout\" href=\"https:\/\/www.e-recht24.de\/mitglieder\/datenschutzerklaerung\/#\">Google Analytics deaktivieren<\/a>.<\/p>\n<h3><strong>Auftragsdatenverarbeitung<\/strong><\/h3>\n<p>Wir haben mit Google einen Vertrag zur Auftragsdatenverarbeitung abgeschlossen und setzen die strengen Vorgaben der deutschen Datenschutzbeh\u00f6rden bei der Nutzung von Google Analytics vollst\u00e4ndig um.<\/p>\n<h3><strong>IP-Anonymisierung<\/strong><\/h3>\n<p>Wir nutzen die Funktion \u201cAktivierung der IP-Anonymisierung\u201d auf dieser Webseite. Dadurch wird Ihre IP-Adresse von Google jedoch innerhalb von Mitgliedstaaten der Europ\u00e4ischen Union oder in anderen Vertragsstaaten des Abkommens \u00fcber den Europ\u00e4ischen Wirtschaftsraum zuvor gek\u00fcrzt. Nur in Ausnahmef\u00e4llen wird die volle IP-Adresse an einen Server von Google in den USA \u00fcbertragen und dort gek\u00fcrzt. Im Auftrag des Betreibers dieser Website wird Google diese Informationen benutzen, um Ihre Nutzung der Website auszuwerten, um Reports \u00fcber die Websiteaktivit\u00e4ten zusammenzustellen und um weitere mit der Websitenutzung und der Internetnutzung verbundene Dienstleistungen gegen\u00fcber dem Websitebetreiber zu erbringen. Die im Rahmen von Google Analytics von Ihrem Browser \u00fcbermittelte IP-Adresse wird nicht mit anderen Daten von Google zusammengef\u00fchrt.<\/p>\n<h3>Google Web Fonts<\/h3>\n<p>Diese Seite nutzt zur einheitlichen Darstellung von Schriftarten so genannte Web Fonts, die von Google bereitgestellt werden. Beim Aufruf einer Seite l\u00e4dt Ihr Browser die ben\u00f6tigten Web Fonts in ihren Browsercache, um Texte und Schriftarten korrekt anzuzeigen. Wenn Ihr Browser Web Fonts nicht unterst\u00fctzt, wird eine Standardschrift von Ihrem Computer genutzt. Weitere Informationen zu Google Web Fonts finden Sie unter <a href=\"https:\/\/developers.google.com\/fonts\/faq\">https:\/\/developers.google.com\/fonts\/faq<\/a> und in der Datenschutzerkl\u00e4rung von Google: <a href=\"https:\/\/www.google.com\/policies\/privacy\/\">https:\/\/www.google.com\/policies\/privacy\/<\/a><\/p>\n<h2>SSL-Verschl\u00fcsselung<\/h2>\n<p>Diese Seite nutzt aus Gr\u00fcnden der Sicherheit und zum Schutz der \u00dcbertragung vertraulicher Inhalte, wie zum Beispiel der Anfragen, die Sie an uns als Seitenbetreiber senden, eine <strong>SSL-Verschl\u00fcsselung<\/strong>. Eine verschl\u00fcsselte Verbindung erkennen Sie daran, dass die Adresszeile des Browsers von \u201chttp:\/\/\u201d auf \u201chttps:\/\/\u201d wechselt und an dem Schloss-Symbol in Ihrer Browserzeile. Wenn die SSL Verschl\u00fcsselung aktiviert ist, k\u00f6nnen die Daten, die Sie an uns \u00fcbermitteln, nicht von Dritten mitgelesen werden.<\/p>\n<h2>Partnerprogramme<\/h2>\n<p>Diese Webseite nimmt an Partnerprogrammen teil. Bei der Anzeige oder bei Klicks auf Werbemittel k\u00f6nnen Cookies auf Ihrem Endger\u00e4t gesetzt werden. Diese Cookies enthalten IDs, die Aufschluss \u00fcber Webseitenbetreiber, das Werbemittel, den Kontaktzeitpunkt und den Werbekunden (Advertiser) geben. Diese Informationen dienen zur Abwicklung von Provisionsanspr\u00fcchen des Webseitenbetreibers im Falle einer gemessenen Conversion (z.B. ein Verkauf, oder eine Registrierung etc.). Dar\u00fcber hinaus werden Informationen \u00fcber das Endger\u00e4t (anonymisierte IP, Betriebssystem, Browserversion) erhoben, um den Dienst zu verbessern und Missbrauch entgegenzutreten. Sie k\u00f6nnen in Ihrem Browser einstellen, ob und in welchem Umfang Cookies zugelassen werden sollen.<\/p>\n<h2>Daten\u00fcbermittlung bei Vertragsschluss f\u00fcr Dienstleistungen und digitalen Inhalten<\/h2>\n<p>Wir \u00fcbermitteln personenbezogene Daten an Dritte nur dann, wenn dies im Rahmen der Vertragsabwicklung notwendig ist, etwa an das mit der Zahlungsabwicklung beauftragte Kreditinstitut. Eine weitergehende \u00dcbermittlung der Daten erfolgt nicht bzw. nur dann, wenn Sie der \u00dcbermittlung ausdr\u00fccklich zugestimmt haben. Eine Weitergabe Ihrer Daten an Dritte ohne ausdr\u00fcckliche Einwilligung, etwa zu Zwecken der Werbung, erfolgt nicht.<\/p>\n<h2>Verschl\u00fcsselter Zahlungsverkehr auf dieser Webseite<\/h2>\n<p>Der Zahlungsverkehr \u00fcber die g\u00e4ngigen Zahlungsmittel (Visa\/Mastercard, Lastschriftverfahren) erfolgt ausschlie\u00dflich \u00fcber eine verschl\u00fcsselte SSL-Verbindung. Eine verschl\u00fcsselte Verbindung erkennen Sie daran, dass die Adresszeile des Browsers von \u201chttp:\/\/\u201d auf \u201chttps:\/\/\u201d wechselt und an dem Schloss-Symbol in Ihrer Browserzeile. Bei verschl\u00fcsselter Kommunikation k\u00f6nnen Ihre Zahlungsdaten, die Sie an uns \u00fcbermitteln, nicht von Dritten mitgelesen werden.<\/p>\n<h2>Recht auf Auskunft, L\u00f6schung, Sperrung<\/h2>\n<p>Sie haben jederzeit das Recht auf unentgeltliche Auskunft \u00fcber Ihre gespeicherten personenbezogenen Daten, deren Herkunft und Empf\u00e4nger und den Zweck der Datenverarbeitung sowie ein Recht auf Berichtigung, Sperrung oder L\u00f6schung dieser Daten. Hierzu sowie zu weiteren Fragen zum Thema personenbezogene Daten k\u00f6nnen Sie sich jederzeit unter der im <a href=\"https:\/\/devisen-handeln.org\/impressum.html\">Impressum<\/a> angegebenen Adresse an uns wenden.<\/p>\n","protected":false},"excerpt":{"rendered":"<p>Verantwortlicher und Kontakt Frank Eschmann Blumenstra\u00dfe 75a 55743 Idar-Oberstein Tel. 06781\/6669003 Mail: info [at] devisen-handeln.org Datenschutz Die Betreiber dieser Seiten nehmen den Schutz Ihrer pers\u00f6nlichen Daten sehr ernst. Wir behandeln Ihre personenbezogenen Daten vertraulich und entsprechend der gesetzlichen Datenschutzvorschriften sowie dieser Datenschutzerkl\u00e4rung. Die Nutzung unserer Webseite ist in der Regel ohne Angabe personenbezogener Daten m\u00f6glich. [&hellip;]<\/p>\n","protected":false},"author":2,"featured_media":0,"parent":0,"menu_order":0,"comment_status":"closed","ping_status":"closed","template":"","meta":{"footnotes":""},"class_list":["post-468","page","type-page","status-publish","hentry"],"aioseo_notices":[],"_links":{"self":[{"href":"https:\/\/devisen-handeln.org\/forex-news\/wp-json\/wp\/v2\/pages\/468","targetHints":{"allow":["GET"]}}],"collection":[{"href":"https:\/\/devisen-handeln.org\/forex-news\/wp-json\/wp\/v2\/pages"}],"about":[{"href":"https:\/\/devisen-handeln.org\/forex-news\/wp-json\/wp\/v2\/types\/page"}],"author":[{"embeddable":true,"href":"https:\/\/devisen-handeln.org\/forex-news\/wp-json\/wp\/v2\/users\/2"}],"replies":[{"embeddable":true,"href":"https:\/\/devisen-handeln.org\/forex-news\/wp-json\/wp\/v2\/comments?post=468"}],"version-history":[{"count":0,"href":"https:\/\/devisen-handeln.org\/forex-news\/wp-json\/wp\/v2\/pages\/468\/revisions"}],"wp:attachment":[{"href":"https:\/\/devisen-handeln.org\/forex-news\/wp-json\/wp\/v2\/media?parent=468"}],"curies":[{"name":"wp","href":"https:\/\/api.w.org\/{rel}","templated":true}]}}