{"id":1608,"date":"2022-09-01T20:25:28","date_gmt":"2022-09-01T19:25:28","guid":{"rendered":"https:\/\/devisen-handeln.org\/forex-news\/?page_id=1608"},"modified":"2023-02-27T11:06:33","modified_gmt":"2023-02-27T10:06:33","slug":"leben-ohne-steuern","status":"publish","type":"page","link":"https:\/\/devisen-handeln.org\/forex-news\/leben-ohne-steuern","title":{"rendered":"Leben ohne Steuern!"},"content":{"rendered":"\n<p>Nicht nur f\u00fcr <strong>Trader<\/strong> ist es interessant, den Lebensmittelpunkt so zu w\u00e4hlen, dass die Steuerlast m\u00f6glichst gering ausf\u00e4llt. Auch andere Selbstst\u00e4ndige\/Unternehmer aber auch Angestellte im <strong>Homeoffice<\/strong> k\u00f6nnen von einem Ortswechsel steuerlich profitieren. Doch nicht immer bietet die Destination mit der geringsten Steuerlast den besten <strong>Lebensstandard<\/strong>. Bevor man sich also daran macht, die eigene Steuerlast durch eine Auswanderung zu minimieren, sollte man sich ebenfalls folgende Fragen stellen:<\/p>\n\n\n\n<ul class=\"wp-block-list\">\n<li>Welche <strong>Infrastruktur<\/strong> ben\u00f6tige ich\/m\u00f6chte ich in meinem Auswanderungsland haben (z. B. Internet, Strom- und Wasserversorgung, Kinderg\u00e4rten\/Schulen, Krankenh\u00e4user)?<\/li>\n\n\n\n<li>Wie sieht es in dem Land mit der <strong>Rechtssicherheit<\/strong> aus, z. B. beim Erwerb von Immobilien?<\/li>\n\n\n\n<li>Wie wird das Land regiert? Wie wird <strong>Eigentum<\/strong> von der dortigen Regierung behandelt?<\/li>\n\n\n\n<li>Welche <strong>soziale Absicherungen<\/strong> m\u00f6chte ich vor Ort haben und auf welche kann ich verzichten?<\/li>\n\n\n\n<li>Wie kann ich mich ansonsten <strong>privat versichern<\/strong>?<\/li>\n\n\n\n<li>Welche <strong>Naturkatastrophen<\/strong> sind in dem Land regelm\u00e4\u00dfig zu erwarten und wenn ja in welchen Regionen?<\/li>\n\n\n\n<li>Wie hoch ist die Wahrscheinlichkeit eines bewaffneten Konfiktes oder <strong>Krieges<\/strong> im Auswanderungsland?<\/li>\n\n\n\n<li>Wie schnell kann ich wieder in <strong>Deutschland<\/strong> sein, wenn ich das m\u00f6chte?<\/li>\n\n\n\n<li>Welche <strong>Regeln und Gesetze<\/strong> muss ich im Auswanderungsland kennen und einhalten?<\/li>\n\n\n\n<li>Welche Regeln muss ich beachten, um tats\u00e4chlich in Deutschland <strong>nicht mehr steuerpflichtig<\/strong> zu sein?<\/li>\n\n\n\n<li>Unter welchen <strong>klimatischen Verh\u00e4ltnissen<\/strong> kann und m\u00f6chte ich angenehm leben?<\/li>\n\n\n\n<li>M\u00f6chte ich mich <strong>innerhalb oder au\u00dferhalb der EU<\/strong> positionieren, mit allen Vor- und Nachteilen?<\/li>\n\n\n\n<li>Welche <strong>Sprache <\/strong>wird im Auswanderungsland gesprochen und kann ich diese lernen, um mich (und meine Familie) dort gut in die Gesellschaft zu integrieren und mich wohlzuf\u00fchlen?<\/li>\n\n\n\n<li>Welche Dinge muss ich bereits vor der Auswanderung in Deutschland <strong>organiniseren<\/strong>, damit es nicht zu b\u00f6sen \u00dcberraschungen kommt (Banken, Abmeldung vom Einwohnermeldeamt etc.)?<\/li>\n\n\n\n<li>Falle ich mit meinem <strong>Firmenkonstrukt<\/strong> unter die deutsche <strong>Wegzugsbesteuerung<\/strong> und wenn ja, wie kann ich diese vermeiden?<\/li>\n\n\n\n<li>Welche Steuern fallen f\u00fcr meine <strong>Eink\u00fcnfte <\/strong>vor Ort an und wie versteuer ich diese richtig?<\/li>\n\n\n\n<li>Welches <strong>Firmenkonstrukt<\/strong> ist die richtige L\u00f6sung f\u00fcr meinen Fall im neuen Zuhause?<\/li>\n<\/ul>\n\n\n<div class=\"wp-block-image is-style-default\">\n<figure class=\"alignleft size-large is-resized\"><a href=\"https:\/\/devisen-handeln.org\/out\/auswandern\/staatenlos.html\" target=\"_blank\" rel=\"noreferrer noopener\"><img loading=\"lazy\" decoding=\"async\" src=\"https:\/\/devisen-handeln.org\/forex-news\/wp-content\/uploads\/2022\/09\/auswandern-steuerfrei-1024x1024.jpg\" alt=\"Auswandern in 50 steuerfreie Nationen\" class=\"wp-image-1612\" width=\"430\" height=\"430\" srcset=\"https:\/\/devisen-handeln.org\/forex-news\/wp-content\/uploads\/2022\/09\/auswandern-steuerfrei-1024x1024.jpg 1024w, https:\/\/devisen-handeln.org\/forex-news\/wp-content\/uploads\/2022\/09\/auswandern-steuerfrei-300x300.jpg 300w, https:\/\/devisen-handeln.org\/forex-news\/wp-content\/uploads\/2022\/09\/auswandern-steuerfrei-150x150.jpg 150w, https:\/\/devisen-handeln.org\/forex-news\/wp-content\/uploads\/2022\/09\/auswandern-steuerfrei-768x768.jpg 768w, https:\/\/devisen-handeln.org\/forex-news\/wp-content\/uploads\/2022\/09\/auswandern-steuerfrei-400x400.jpg 400w, https:\/\/devisen-handeln.org\/forex-news\/wp-content\/uploads\/2022\/09\/auswandern-steuerfrei-1536x1536.jpg 1536w, https:\/\/devisen-handeln.org\/forex-news\/wp-content\/uploads\/2022\/09\/auswandern-steuerfrei-2048x2048.jpg 2048w, https:\/\/devisen-handeln.org\/forex-news\/wp-content\/uploads\/2022\/09\/auswandern-steuerfrei-60x60.jpg 60w\" sizes=\"auto, (max-width: 430px) 100vw, 430px\" \/><\/a><\/figure>\n<\/div>\n\n\n<h2 class=\"wp-block-heading\">Die professionelle Auswanderer-Beratung<\/h2>\n\n\n\n<p>Wie man sieht, m\u00fcssen vor einer potenziellen Auswanderung zahlreiche Aspekte genau \u00fcberlegt und geplant werden, wenn sie nicht zum Gl\u00fccksspiel werden und im Desaster enden soll. Eine <strong>individuelle Auswanderer-Beratung<\/strong> ist damit fast unabdingbar, da sich die Ausgangslage f\u00fcr fast jeden Menschen stark von der Situation eines anderen unterscheidet. So muss beispielswese bereits ein Trader, der  in Deutschland unter dem Dach einer GmbH tradet, v\u00f6llig andere Regeln beachten als ein Trader, der beispielsweise nur das eigene Verm\u00f6gen verwaltet. Auch muss f\u00fcr den Individualfall die richtige Firmierung im neuen Land gew\u00e4hlt werden. Ein Fehler im Anfangs-Setup kann hier sp\u00e4ter exorbitant hohe Folgekosten oder Strafen zur Folge haben.<\/p>\n\n\n\n<h3 class=\"wp-block-heading\">Beratung mit Christoph Heuermann<\/h3>\n\n\n\n<p>Herk\u00f6mmliche Steuerberater aus Deutschland sind mit den unterschiedlichen M\u00f6glichkeiten und rechtlichen Fallstricken vor Ort im Auswanderungsland zumeist v\u00f6llig \u00fcberfordert. Eine kompetente <strong>Auswanderer-Beratung<\/strong>, die f\u00fcr jeden Individualfall exakt zugeschnitten ist, bekommt man daher bei <strong>Christoph Heuermann<\/strong>, der nicht nur bereits fast alle L\u00e4nder dieser Welt bereist, sondern sich eine gewaltige Expertise zu den Themen Steueroptimierung und Auswanderung aufgebaut hat. Zus\u00e4tzlich kann Christoph direkt vor Ort auf ein kompetentes Team aus Steuerberatern und\/oder Rechtsanw\u00e4lten zur\u00fcckgreifen, die den Aufbau eines rechtssicheren Firmenkonstruktes \u00fcberhaupt erst m\u00f6glich machen:<\/p>\n\n\n\n<div class=\"wp-block-buttons is-layout-flex wp-block-buttons-is-layout-flex\">\n<div class=\"wp-block-button\"><a class=\"wp-block-button__link wp-element-button\" href=\"https:\/\/www.digistore24.com\/redir\/451711\/Daxinator\/CAMPAIGNKEY\" target=\"_blank\" rel=\"noreferrer noopener\">Beratung mit Christoph Heuermann buchen<\/a><\/div>\n<\/div>\n\n\n\n<h2 class=\"wp-block-heading\">Auswanderer-Literatur<\/h2>\n\n\n\n<p>Wer sich bereits auf eigene Faust schlau machen m\u00f6chte, kann dies nat\u00fcrlich bereits vorab tun, um bereits eine Vorauswahl zu treffen und bei der finalen <strong>Auswanderungsberatung<\/strong> bereits gezielt die richtigen Fragen zu stellen. Hierf\u00fcr bietet sich die umfassende Reihe an ebooks an, die man sich gezielt zusammenstellen kann:<\/p>\n\n\n\n<ul class=\"wp-block-list\">\n<li><strong><a href=\"https:\/\/www.digistore24.com\/redir\/289508\/Daxinator\/CAMPAIGNKEY\" target=\"_blank\" rel=\"noopener\">Besteuerung vermeiden<\/a><\/strong>: Auf \u00fcber 330 Seiten verr\u00e4t ein pensionierter Steuerberater Tipps und Tricks zur Steuervermeidung aus seiner \u00fcber 50-j\u00e4hrigen Arbeit. Die Lekt\u00fcre ist f\u00fcr Laien verst\u00e4ndlich aufbereitet.<\/li>\n<\/ul>\n\n\n\n<ul class=\"wp-block-list\">\n<li><strong><a href=\"https:\/\/devisen-handeln.org\/out\/auswandern\/staatenlos.html\" target=\"_blank\" rel=\"noopener\" title=\"\">Auswanderer-Lexikon<\/a><\/strong>: Die 50 attraktivsten und steuerfreien L\u00e4nder im Vergleich: Angola, Bahamas, Barbados, Bermuda, Botswana, Britische Jungferninseln, Bulgarien, Cayman Inseln, Chile, Costa Rica, Cura\u00e7ao, Dominikanische Republik, Estland, Franz\u00f6sisch Polynesien, Georgien, Guatemala, Hong Kong, Irland, Isle of Man, Jamaica, Jersey, Jordanien, Kamerun, Kroatien, Litauen, Luxemburg, Macau, Malaysia, Malta, Mauritius, Montenegro, Namibia, Nicaragua, Neuseeland, Panama, Paraguay, Philippinen, Portugal, Rum\u00e4nien, Seychellen, Singapur, Slowakei, Taiwan, Thailand, Trinidad und Tobago, Tschechien, Uruguay, Vereinigte Arabische Emirate, Vereinigtes K\u00f6nigreich und Zypern.<\/li>\n<\/ul>\n\n\n\n<ul class=\"wp-block-list\">\n<li><strong><a href=\"https:\/\/www.digistore24.com\/redir\/289503\/Daxinator\/CAMPAIGNKEY\" target=\"_blank\" rel=\"noopener\">Firmen-Lexikon<\/a><\/strong>: Die Pflichtlekt\u00fcre f\u00fcr alle Firmengr\u00fcnder im Ausland. Das Firmen-Lexikon enth\u00e4lt 60 Rechtsformen f\u00fcr Firmen, 33 vergleichende Indikatoren inklusive aller relevaten Doppelbesteuerungsabkommen zwischen DACH und USA<\/li>\n<\/ul>\n\n\n\n<ul class=\"wp-block-list\">\n<li><strong><a href=\"https:\/\/www.digistore24.com\/redir\/72935\/Daxinator\/CAMPAIGNKEY\" target=\"_blank\" rel=\"noopener\">Das Banken-Lexikon<\/a><\/strong>: F\u00fcr alle, die ihr Geld in Sicherheit bringen wollen enth\u00e4lt das Bankenlexikon Konten, Strukturen und Kombinationen zur Vermeidung von Bankenkrisen, sowie Detailinformationen \u00fcber die besten Banken der Welt. Informationen \u00fcber Kryptow\u00e4hrungen, Regulierung und vieles mehr.<\/li>\n<\/ul>\n\n\n\n<ul class=\"wp-block-list\">\n<li><strong><a href=\"https:\/\/www.digistore24.com\/redir\/358848\/Daxinator\/CAMPAIGNKEY\" target=\"_blank\" rel=\"noopener\">Das Staatsb\u00fcrgerschaften-Lexikon<\/a><\/strong>: F\u00fcr alle, die mehr als eine Staatsb\u00fcrgerschaft haben m\u00f6chten oder bereits besitzen. Alle wichtigen Informationen zu weiteren Staatsb\u00fcrgerschaften im Vergleich von 97 Nationen sowie die schnellsten und g\u00fcnstigsten Einb\u00fcrgerungsoptionen.<\/li>\n<\/ul>\n\n\n\n<h2 class=\"wp-block-heading\">Muss ich als Trader eine Firma gr\u00fcnden?<\/h2>\n\n\n\n<p>Viele Trader fragen sich, ob es als Trader als steuerlicher Sicht sinnvoll ist, eine Firma zu gr\u00fcnden. Hier ist vor allem zu beachten, welche Produkte man tradet und ob man neben dem Trading noch ein weiteres Business betreibt, zum Beispiel Coaching. In diesem Video geht Christoph, der Experte f\u00fcr internationale Steuerfragen auf das Thema Trading und Steuern ein:<\/p>\n\n\n\n<figure class=\"wp-block-embed is-type-video is-provider-youtube wp-block-embed-youtube wp-embed-aspect-16-9 wp-has-aspect-ratio\"><div class=\"wp-block-embed__wrapper\">\n<iframe loading=\"lazy\" title=\"Trading und Firmengr\u00fcndung \u2013 Staatenlos \u2013 Christoph Heuermann\" width=\"648\" height=\"365\" src=\"https:\/\/www.youtube.com\/embed\/wd-BuQBbV_A?feature=oembed\" frameborder=\"0\" allow=\"accelerometer; autoplay; clipboard-write; encrypted-media; gyroscope; picture-in-picture; web-share\" referrerpolicy=\"strict-origin-when-cross-origin\" allowfullscreen><\/iframe>\n<\/div><\/figure>\n\n\n\n<h2 class=\"wp-block-heading\">Firmengr\u00fcndung mit LLC<\/h2>\n\n\n\n<p>Die Gr\u00fcndung einer amerikanischen LLC bietet zahlreiche Vorteile:<\/p>\n\n\n\n<ul class=\"wp-block-list\">\n<li>M\u00f6gliche Steuerfreiheit, sofern man aufgrund seines steuerlichen Wohnsitzes steuerfrei ist<\/li>\n\n\n\n<li>Kaum Buchhaltung bis auf ein kleins Formular was binnen 10 Minuten ausgef\u00fcllt ist<\/li>\n\n\n\n<li>Keine Reise in die USA n\u00f6tig<\/li>\n\n\n\n<li>Anonymit\u00e4t m\u00f6glich<\/li>\n\n\n\n<li>Gute Reputation f\u00fcr potenzielle Gesch\u00e4ftspartner<\/li>\n\n\n\n<li>Abmahn-, Pf\u00e4ndungs- und Verm\u00f6gensschutz<\/li>\n<\/ul>\n\n\n\n<div class=\"wp-block-buttons is-layout-flex wp-block-buttons-is-layout-flex\">\n<div class=\"wp-block-button\"><a class=\"wp-block-button__link wp-element-button\" href=\"https:\/\/www.digistore24.com\/redir\/451804\/Daxinator\/CAMPAIGNKEY\" target=\"_blank\" rel=\"noreferrer noopener\">Firmengr\u00fcndung LLC <\/a><\/div>\n<\/div>\n","protected":false},"excerpt":{"rendered":"<p>Nicht nur f\u00fcr Trader ist es interessant, den Lebensmittelpunkt so zu w\u00e4hlen, dass die Steuerlast m\u00f6glichst gering ausf\u00e4llt. Auch andere Selbstst\u00e4ndige\/Unternehmer aber auch Angestellte im Homeoffice k\u00f6nnen von einem Ortswechsel steuerlich profitieren. Doch nicht immer bietet die Destination mit der geringsten Steuerlast den besten Lebensstandard. Bevor man sich also daran macht, die eigene Steuerlast durch [&hellip;]<\/p>\n","protected":false},"author":2,"featured_media":0,"parent":0,"menu_order":0,"comment_status":"closed","ping_status":"closed","template":"","meta":{"footnotes":""},"class_list":["post-1608","page","type-page","status-publish","hentry"],"aioseo_notices":[],"_links":{"self":[{"href":"https:\/\/devisen-handeln.org\/forex-news\/wp-json\/wp\/v2\/pages\/1608","targetHints":{"allow":["GET"]}}],"collection":[{"href":"https:\/\/devisen-handeln.org\/forex-news\/wp-json\/wp\/v2\/pages"}],"about":[{"href":"https:\/\/devisen-handeln.org\/forex-news\/wp-json\/wp\/v2\/types\/page"}],"author":[{"embeddable":true,"href":"https:\/\/devisen-handeln.org\/forex-news\/wp-json\/wp\/v2\/users\/2"}],"replies":[{"embeddable":true,"href":"https:\/\/devisen-handeln.org\/forex-news\/wp-json\/wp\/v2\/comments?post=1608"}],"version-history":[{"count":0,"href":"https:\/\/devisen-handeln.org\/forex-news\/wp-json\/wp\/v2\/pages\/1608\/revisions"}],"wp:attachment":[{"href":"https:\/\/devisen-handeln.org\/forex-news\/wp-json\/wp\/v2\/media?parent=1608"}],"curies":[{"name":"wp","href":"https:\/\/api.w.org\/{rel}","templated":true}]}}