{"id":1578,"date":"2022-06-23T14:34:30","date_gmt":"2022-06-23T13:34:30","guid":{"rendered":"https:\/\/devisen-handeln.org\/forex-news\/?page_id=1578"},"modified":"2022-06-24T08:54:12","modified_gmt":"2022-06-24T07:54:12","slug":"quiz-tradertyp","status":"publish","type":"page","link":"https:\/\/devisen-handeln.org\/forex-news\/quiz-tradertyp","title":{"rendered":"Quiz Tradertyp"},"content":{"rendered":"\n<p>Welcher <strong>Tradertyp<\/strong> bist Du? Viele Tradinganf\u00e4nger st\u00fcrzen sich ins Abenteuer Trading, ohne dabei auf ihre F\u00e4higkeiten und Voraussetzungen zu achten. Die Folge ist, dass sie mitunter jahrelang verzweifelt versuchen, in einer f\u00fcr sie ungeeigneten Disziplin Fu\u00df zu fassen, weil sie nicht die psychologischen Anforderungen erf\u00fcllen. Mithilfe dieses kleinen Trader-Quiz kannst Du anhand von 10 Fragen Deinen Trader-Typ bestimmen und wirst erkennen, ob Du eher f\u00fcr den kurzfristigen Handel im Daytrading bzw. Scalping geeignet bist oder ob Swing-Trading und Investment die bessere Wahl f\u00fcr Dich ist. <\/p>\n\n\n\n<p>Viel Spa\u00df mit dem Quiz!<\/p>\n\n\n<div class = \"hdq_quiz_wrapper\"><a href = \"https:\/\/devisen-handeln.org\/forex-news\/quiz-tradertyp\" rel=\"noamphtml\" class = \"hdq_quiz_start hdq_button button\" role = \"button\">Start Quiz<\/a><\/div>","protected":false},"excerpt":{"rendered":"<p>Welcher Tradertyp bist Du? Viele Tradinganf\u00e4nger st\u00fcrzen sich ins Abenteuer Trading, ohne dabei auf ihre F\u00e4higkeiten und Voraussetzungen zu achten. Die Folge ist, dass sie mitunter jahrelang verzweifelt versuchen, in einer f\u00fcr sie ungeeigneten Disziplin Fu\u00df zu fassen, weil sie nicht die psychologischen Anforderungen erf\u00fcllen. Mithilfe dieses kleinen Trader-Quiz kannst Du anhand von 10 Fragen [&hellip;]<\/p>\n","protected":false},"author":2,"featured_media":1600,"parent":0,"menu_order":0,"comment_status":"open","ping_status":"closed","template":"","meta":{"footnotes":""},"class_list":["post-1578","page","type-page","status-publish","has-post-thumbnail","hentry"],"aioseo_notices":[],"_links":{"self":[{"href":"https:\/\/devisen-handeln.org\/forex-news\/wp-json\/wp\/v2\/pages\/1578","targetHints":{"allow":["GET"]}}],"collection":[{"href":"https:\/\/devisen-handeln.org\/forex-news\/wp-json\/wp\/v2\/pages"}],"about":[{"href":"https:\/\/devisen-handeln.org\/forex-news\/wp-json\/wp\/v2\/types\/page"}],"author":[{"embeddable":true,"href":"https:\/\/devisen-handeln.org\/forex-news\/wp-json\/wp\/v2\/users\/2"}],"replies":[{"embeddable":true,"href":"https:\/\/devisen-handeln.org\/forex-news\/wp-json\/wp\/v2\/comments?post=1578"}],"version-history":[{"count":0,"href":"https:\/\/devisen-handeln.org\/forex-news\/wp-json\/wp\/v2\/pages\/1578\/revisions"}],"wp:featuredmedia":[{"embeddable":true,"href":"https:\/\/devisen-handeln.org\/forex-news\/wp-json\/wp\/v2\/media\/1600"}],"wp:attachment":[{"href":"https:\/\/devisen-handeln.org\/forex-news\/wp-json\/wp\/v2\/media?parent=1578"}],"curies":[{"name":"wp","href":"https:\/\/api.w.org\/{rel}","templated":true}]}}